{"id":2955,"date":"2021-08-27T13:04:09","date_gmt":"2021-08-27T13:04:09","guid":{"rendered":"https:\/\/www.atelierblouberg.com\/about\/"},"modified":"2023-02-08T08:11:34","modified_gmt":"2023-02-08T08:11:34","slug":"about","status":"publish","type":"page","link":"https:\/\/www.atelierblouberg.com\/fr\/about\/","title":{"rendered":"About"},"content":{"rendered":"<div class=\"fusion-fullwidth fullwidth-box fusion-builder-row-1 nonhundred-percent-fullwidth non-hundred-percent-height-scrolling\" style=\"background-color: #ffffff;background-position: center bottom;background-repeat: repeat-x;padding-top:0%;padding-right:0px;padding-bottom:1%;padding-left:0px;margin-bottom: 0px;margin-top: 0px;border-width: 0px 0px 0px 0px;border-color:#e5e5e5;border-style:solid;\" ><div class=\"fusion-builder-row fusion-row\"><div class=\"fusion-layout-column fusion_builder_column fusion-builder-column-0 fusion_builder_column_1_6 1_6 fusion-one-sixth fusion-column-first\" style=\"width:16.666666666667%;width:calc(16.666666666667% - ( ( 4% + 4% ) * 0.16666666666667 ) );margin-right: 4%;margin-top:0px;margin-bottom:20px;\"><div class=\"fusion-column-wrapper fusion-flex-column-wrapper-legacy\" style=\"background-position:left top;background-repeat:no-repeat;-webkit-background-size:cover;-moz-background-size:cover;-o-background-size:cover;background-size:cover;padding: 0px 0px 0px 0px;\"><div class=\"fusion-clearfix\"><\/div><\/div><\/div><div class=\"fusion-layout-column fusion_builder_column fusion-builder-column-1 fusion_builder_column_2_3 2_3 fusion-two-third fusion-animated\" style=\"width:66.666666666667%;width:calc(66.666666666667% - ( ( 4% + 4% ) * 0.66666666666667 ) );margin-right: 4%;margin-top:0px;margin-bottom:20px;\" data-animationType=\"fadeInLeft\" data-animationDuration=\"0.6\" data-animationOffset=\"100%\"><div class=\"fusion-column-wrapper fusion-flex-column-wrapper-legacy\" style=\"background-position:left top;background-repeat:no-repeat;-webkit-background-size:cover;-moz-background-size:cover;-o-background-size:cover;background-size:cover;padding: 0px 0px 0px 0px;\"><style type=\"text\/css\"><\/style><div class=\"fusion-title title fusion-title-1 fusion-sep-none fusion-title-center fusion-title-text fusion-title-size-two\" style=\"margin-top:0px;margin-bottom:31px;\"><h2 class=\"title-heading-center\" style=\"margin:0;\"><h2 style=\"text-align: center;\">A PROPOS<\/h2><\/h2><\/div><div class=\"fusion-sep-clear\"><\/div><div class=\"fusion-separator fusion-full-width-sep\" style=\"margin-left: auto;margin-right: auto;margin-top:15px;width:100%;\"><\/div><div class=\"fusion-sep-clear\"><\/div><style type=\"text\/css\">.fusion-gallery-1 .fusion-gallery-image {border:0px solid #e5e5e5;}<\/style><div class=\"fusion-gallery fusion-gallery-container fusion-grid-2 fusion-columns-total-2 fusion-gallery-layout-grid fusion-gallery-1\" style=\"margin:-5px;\"><div style=\"padding:5px;\" class=\"fusion-grid-column fusion-gallery-column fusion-gallery-column-2 hover-type-none\"><div class=\"fusion-gallery-image\"><a href=\"https:\/\/www.atelierblouberg.com\/wp-content\/uploads\/2021\/08\/ruben-2-Custom.jpg\" rel=\"noreferrer\" data-rel=\"iLightbox[gallery_image_1]\" class=\"fusion-lightbox\" target=\"_self\"><img src=\"https:\/\/www.atelierblouberg.com\/wp-content\/uploads\/2021\/08\/ruben-2-Custom.jpg\" width=\"1400\" height=\"965\" alt=\"\" title=\"ruben-2 (Custom)\" aria-label=\"ruben-2 (Custom)\" class=\"img-responsive wp-image-2716\" srcset=\"https:\/\/www.atelierblouberg.com\/wp-content\/uploads\/2021\/08\/ruben-2-Custom-200x138.jpg 200w, https:\/\/www.atelierblouberg.com\/wp-content\/uploads\/2021\/08\/ruben-2-Custom-400x276.jpg 400w, https:\/\/www.atelierblouberg.com\/wp-content\/uploads\/2021\/08\/ruben-2-Custom-600x414.jpg 600w, https:\/\/www.atelierblouberg.com\/wp-content\/uploads\/2021\/08\/ruben-2-Custom-800x551.jpg 800w, https:\/\/www.atelierblouberg.com\/wp-content\/uploads\/2021\/08\/ruben-2-Custom-1200x827.jpg 1200w, https:\/\/www.atelierblouberg.com\/wp-content\/uploads\/2021\/08\/ruben-2-Custom.jpg 1400w\" sizes=\"(min-width: 2200px) 100vw, (min-width: 732px) 648px, (min-width: 640px) 732px, \" \/><\/a><\/div><\/div><div style=\"padding:5px;\" class=\"fusion-grid-column fusion-gallery-column fusion-gallery-column-2 hover-type-none\"><div class=\"fusion-gallery-image\"><a href=\"https:\/\/www.atelierblouberg.com\/wp-content\/uploads\/2021\/08\/ruben-starret-Custom.jpg\" rel=\"noreferrer\" data-rel=\"iLightbox[gallery_image_1]\" class=\"fusion-lightbox\" target=\"_self\"><img src=\"https:\/\/www.atelierblouberg.com\/wp-content\/uploads\/2021\/08\/ruben-starret-Custom.jpg\" width=\"1400\" height=\"944\" alt=\"\" title=\"ruben-starret (Custom)\" aria-label=\"ruben-starret (Custom)\" class=\"img-responsive wp-image-2715\" srcset=\"https:\/\/www.atelierblouberg.com\/wp-content\/uploads\/2021\/08\/ruben-starret-Custom-200x135.jpg 200w, https:\/\/www.atelierblouberg.com\/wp-content\/uploads\/2021\/08\/ruben-starret-Custom-400x270.jpg 400w, https:\/\/www.atelierblouberg.com\/wp-content\/uploads\/2021\/08\/ruben-starret-Custom-600x405.jpg 600w, https:\/\/www.atelierblouberg.com\/wp-content\/uploads\/2021\/08\/ruben-starret-Custom-800x539.jpg 800w, https:\/\/www.atelierblouberg.com\/wp-content\/uploads\/2021\/08\/ruben-starret-Custom-1200x809.jpg 1200w, https:\/\/www.atelierblouberg.com\/wp-content\/uploads\/2021\/08\/ruben-starret-Custom.jpg 1400w\" sizes=\"(min-width: 2200px) 100vw, (min-width: 732px) 648px, (min-width: 640px) 732px, \" \/><\/a><\/div><\/div><div class=\"clearfix\"><\/div><\/div><div class=\"fusion-sep-clear\"><\/div><div class=\"fusion-separator fusion-full-width-sep\" style=\"margin-left: auto;margin-right: auto;margin-top:15px;width:100%;\"><\/div><div class=\"fusion-sep-clear\"><\/div><div class=\"fusion-sep-clear\"><\/div><div class=\"fusion-separator fusion-full-width-sep\" style=\"margin-left: auto;margin-right: auto;margin-top:20px;width:100%;\"><\/div><div class=\"fusion-sep-clear\"><\/div><div class=\"fusion-text fusion-text-1\" style=\"text-align:left;transform:translate3d(0,0,0);\"><div class=\"\">Ruben Van Lerberghe est un \u00e9b\u00e9niste, n\u00e9 au Cape Town et grandi \u00e0 Anvers.<br \/>\nIl a mis en place l\u2019Atelier Blouberg \u00e0 Marseille pour cr\u00e9er des meubles uniques et sur mesure.<\/div>\n<div class=\"\"><\/div>\n<div class=\"\"><\/div>\n<\/div><div class=\"fusion-sep-clear\"><\/div><div class=\"fusion-separator fusion-full-width-sep\" style=\"margin-left: auto;margin-right: auto;margin-top:15px;width:100%;\"><\/div><div class=\"fusion-sep-clear\"><\/div><div class=\"fusion-text fusion-text-2\" style=\"text-align:left;transform:translate3d(0,0,0);\"><div class=\"\">\n<div class=\"\" style=\"text-align: left;\">\u201cConcevoir et cr\u00e9er une pi\u00e8ce est une exp\u00e9rience tr\u00e8s intime, o\u00f9 l\u2019authenticit\u00e9 est essentielle. En fabriquant une oeuvre sans compromis, je souhaite transf\u00e9rer un sentiment de s\u00e9duction et, ult\u00e9rieurement, de confort.\u201d<\/div>\n<\/div>\n<\/div><div class=\"fusion-sep-clear\"><\/div><div class=\"fusion-separator fusion-full-width-sep\" style=\"margin-left: auto;margin-right: auto;margin-top:15px;width:100%;\"><\/div><div class=\"fusion-sep-clear\"><\/div><div class=\"fusion-text fusion-text-3\" style=\"transform:translate3d(0,0,0);\"><div class=\"\">\n<div class=\"\">\n<div class=\"\">Ruben a commenc\u00e9 \u00e0 travailler comme charpentier toiture et menuisier. Apr\u00e8s une immersion dans les assemblages traditionnelles au Japon, il s\u2019est form\u00e9 aupr\u00e8s de plusieurs \u00e9b\u00e9nistes \u00e0 Paris et \u00e0 Marseille.<\/div>\n<div class=\"\"><\/div>\n<\/div>\n<\/div>\n<\/div><div class=\"fusion-sep-clear\"><\/div><div class=\"fusion-separator fusion-full-width-sep\" style=\"margin-left: auto;margin-right: auto;margin-top:15px;width:100%;\"><\/div><div class=\"fusion-sep-clear\"><\/div><div class=\"fusion-text fusion-text-4\" style=\"transform:translate3d(0,0,0);\"><div class=\"\">\n<div class=\"\">\n<div class=\"\">Pour ma\u00eetriser l\u2019art de l\u2019\u00e9b\u00e9nisterie, Ruben a d\u00e9m\u00e9nag\u00e9 au Royaume-Uni et entam\u00e9 une formation approfondi \u00e0 Waters &amp; Acland, institut renomm\u00e9. Il a mis ses comp\u00e9tences en pratique, en cr\u00e9ant des pi\u00e8ces command\u00e9es pour Waters &amp; Acland.<\/div>\n<div class=\"\"><\/div>\n<\/div>\n<\/div>\n<\/div><div class=\"fusion-sep-clear\"><\/div><div class=\"fusion-separator fusion-full-width-sep\" style=\"margin-left: auto;margin-right: auto;margin-top:15px;width:100%;\"><\/div><div class=\"fusion-sep-clear\"><\/div><div class=\"fusion-text fusion-text-5\" style=\"text-align:left;transform:translate3d(0,0,0);\"><div class=\"\">\n<div class=\"\">\n<div class=\"\">\n<div class=\"\">\u201cLes rencontres que j\u2019ai eues avec des formes naturelles et des structures architecturales, aux diff\u00e9rents coins du monde, ont eu une influence formative. Dans mes designs, je les relie continuellement, en utilisant des proc\u00e9d\u00e9s traditionnels ainsi qu\u2019en adoptant les opportunit\u00e9s technologiques modernes.\u201d<\/div>\n<\/div>\n<\/div>\n<\/div>\n<\/div><div class=\"fusion-sep-clear\"><\/div><div class=\"fusion-separator fusion-full-width-sep\" style=\"margin-left: auto;margin-right: auto;margin-top:15px;width:100%;\"><\/div><div class=\"fusion-sep-clear\"><\/div><div class=\"fusion-sep-clear\"><\/div><div class=\"fusion-separator fusion-full-width-sep\" style=\"margin-left: auto;margin-right: auto;margin-top:15px;width:100%;\"><\/div><div class=\"fusion-sep-clear\"><\/div><div class=\"fusion-builder-row fusion-builder-row-inner fusion-row\"><div class=\"fusion-layout-column fusion_builder_column_inner fusion-builder-nested-column-0 fusion_builder_column_inner_1_2 1_2 fusion-one-half fusion-column-first\" style=\"width:50%;width:calc(50% - ( ( 4% ) * 0.5 ) );margin-right: 4%;margin-top:0px;margin-bottom:20px;\"><div class=\"fusion-column-wrapper fusion-flex-column-wrapper-legacy\" style=\"background-position:left top;background-repeat:no-repeat;-webkit-background-size:cover;-moz-background-size:cover;-o-background-size:cover;background-size:cover;padding: 0px 0px 0px 0px;\"><div class=\"fusion-video fusion-selfhosted-video\" style=\"max-width:100%;\"><div class=\"video-wrapper\"><video playsinline=\"true\" width=\"100%\" style=\"object-fit: cover;\" muted=\"true\" preload=\"metadata\" controls=\"1\"><source src=\"https:\/\/www.atelierblouberg.com\/wp-content\/uploads\/2021\/09\/sneakpeek-ruben.mp4\" type=\"video\/mp4\">Sorry, your browser doesn&#039;t support embedded videos.<\/video><\/div><\/div><div class=\"fusion-clearfix\"><\/div><\/div><\/div><div class=\"fusion-layout-column fusion_builder_column_inner fusion-builder-nested-column-1 fusion_builder_column_inner_1_2 1_2 fusion-one-half fusion-column-last\" style=\"width:50%;width:calc(50% - ( ( 4% ) * 0.5 ) );margin-top:0px;margin-bottom:20px;\"><div class=\"fusion-column-wrapper fusion-flex-column-wrapper-legacy\" style=\"background-position:left top;background-repeat:no-repeat;-webkit-background-size:cover;-moz-background-size:cover;-o-background-size:cover;background-size:cover;padding: 0px 0px 0px 0px;\"><div class=\"fusion-video fusion-selfhosted-video\" style=\"max-width:100%;\"><div class=\"video-wrapper\"><video playsinline=\"true\" width=\"100%\" style=\"object-fit: cover;\" muted=\"true\" preload=\"metadata\" controls=\"1\"><source src=\"https:\/\/www.atelierblouberg.com\/wp-content\/uploads\/2021\/08\/ruben-byhand-1.mp4\" type=\"video\/mp4\">Sorry, your browser doesn&#039;t support embedded videos.<\/video><\/div><\/div><div class=\"fusion-clearfix\"><\/div><\/div><\/div><\/div><div class=\"fusion-clearfix\"><\/div><\/div><\/div><div class=\"fusion-layout-column fusion_builder_column fusion-builder-column-2 fusion_builder_column_1_6 1_6 fusion-one-sixth fusion-column-last\" style=\"width:16.666666666667%;width:calc(16.666666666667% - ( ( 4% + 4% ) * 0.16666666666667 ) );margin-top:0px;margin-bottom:20px;\"><div class=\"fusion-column-wrapper fusion-flex-column-wrapper-legacy\" style=\"background-position:left top;background-repeat:no-repeat;-webkit-background-size:cover;-moz-background-size:cover;-o-background-size:cover;background-size:cover;padding: 0px 0px 0px 0px;\"><div class=\"fusion-clearfix\"><\/div><\/div><\/div><\/div><\/div>\n","protected":false},"excerpt":{"rendered":"","protected":false},"author":1,"featured_media":0,"parent":0,"menu_order":0,"comment_status":"closed","ping_status":"closed","template":"","meta":[],"_links":{"self":[{"href":"https:\/\/www.atelierblouberg.com\/fr\/wp-json\/wp\/v2\/pages\/2955"}],"collection":[{"href":"https:\/\/www.atelierblouberg.com\/fr\/wp-json\/wp\/v2\/pages"}],"about":[{"href":"https:\/\/www.atelierblouberg.com\/fr\/wp-json\/wp\/v2\/types\/page"}],"author":[{"embeddable":true,"href":"https:\/\/www.atelierblouberg.com\/fr\/wp-json\/wp\/v2\/users\/1"}],"replies":[{"embeddable":true,"href":"https:\/\/www.atelierblouberg.com\/fr\/wp-json\/wp\/v2\/comments?post=2955"}],"version-history":[{"count":5,"href":"https:\/\/www.atelierblouberg.com\/fr\/wp-json\/wp\/v2\/pages\/2955\/revisions"}],"predecessor-version":[{"id":3059,"href":"https:\/\/www.atelierblouberg.com\/fr\/wp-json\/wp\/v2\/pages\/2955\/revisions\/3059"}],"wp:attachment":[{"href":"https:\/\/www.atelierblouberg.com\/fr\/wp-json\/wp\/v2\/media?parent=2955"}],"curies":[{"name":"wp","href":"https:\/\/api.w.org\/{rel}","templated":true}]}}